{"id":3819,"date":"2021-10-21T16:02:26","date_gmt":"2021-10-21T16:02:26","guid":{"rendered":"https:\/\/www.demewa.com\/regulamin\/"},"modified":"2023-05-22T21:54:19","modified_gmt":"2023-05-22T21:54:19","slug":"regulamin","status":"publish","type":"page","link":"https:\/\/www.demewa.com\/pl\/regulamin\/","title":{"rendered":"Regulamin"},"content":{"rendered":"\t\t<div data-elementor-type=\"wp-page\" data-elementor-id=\"3819\" class=\"elementor elementor-3819 elementor-13\" data-elementor-post-type=\"page\">\n\t\t\t\t\t\t<section class=\"elementor-section elementor-top-section elementor-element elementor-element-f1f1198 elementor-section-boxed elementor-section-height-default elementor-section-height-default\" data-id=\"f1f1198\" data-element_type=\"section\" data-e-type=\"section\">\n\t\t\t\t\t\t<div class=\"elementor-container elementor-column-gap-default\">\n\t\t\t\t\t<div class=\"elementor-column elementor-col-100 elementor-top-column elementor-element elementor-element-29d1869\" data-id=\"29d1869\" data-element_type=\"column\" data-e-type=\"column\">\n\t\t\t<div class=\"elementor-widget-wrap elementor-element-populated\">\n\t\t\t\t\t\t<div class=\"elementor-element elementor-element-03dd146 elementor-widget elementor-widget-text-editor\" data-id=\"03dd146\" data-element_type=\"widget\" data-e-type=\"widget\" data-widget_type=\"text-editor.default\">\n\t\t\t\t<div class=\"elementor-widget-container\">\n\t\t\t\t\t\t\t\t\t<h1> <\/h1>\n<h4>Regulamin<\/h4>\n<div> <\/div>\n<h5>\u00a7 1 Wa\u017cno\u015b\u0107, definicje poj\u0119\u0107<\/h5>\n<p>(1) DeMewa GmbH, Hauptstrasse 45, 2114 Hornsburg, Austria (dalej: \u201emy\u201d lub \u201eDeMewa\u201d) prowadzi sklep internetowy z towarami na stronie internetowej www.demewa.com. Poni\u017csze og\u00f3lne warunki maj\u0105 zastosowanie do wszystkich us\u0142ug mi\u0119dzy nami a naszymi klientami (dalej: \u201eKlient\u201d lub \u201eTy\u201d) w wersji obowi\u0105zuj\u0105cej w momencie sk\u0142adania zam\u00f3wienia, chyba \u017ce wyra\u017anie uzgodniono inaczej.<\/p>\n<p>(2) \u201eKonsument\u201d w rozumieniu niniejszych warunk\u00f3w to ka\u017cda osoba fizyczna, kt\u00f3ra dokonuje czynno\u015bci prawnej w celach, kt\u00f3re w przewa\u017caj\u0105cej mierze nie s\u0105 ani handlowe, ani w ramach samodzielnej dzia\u0142alno\u015bci zawodowej. \u201ePrzedsi\u0119biorca\u201d to osoba fizyczna lub prawna lub sp\u00f3\u0142ka osobowa, kt\u00f3ra przy zawarciu czynno\u015bci prawnej wykonuje swoj\u0105 dzia\u0142alno\u015b\u0107 gospodarcz\u0105 lub samodzieln\u0105 dzia\u0142alno\u015b\u0107 zawodow\u0105, przy czym sp\u00f3\u0142ka osobowa to sp\u00f3\u0142ka osobowa posiadaj\u0105ca zdolno\u015b\u0107 nabywania praw i r\u00f3wnie\u017c zobowi\u0105za\u0144.<\/p>\n<h5>\u00a7 2 Zawarcie umowy, przechowywanie tekstu umowy<\/h5>\n<p>(1) Poni\u017csze postanowienia dotycz\u0105ce zawarcia umowy maj\u0105 zastosowanie do zam\u00f3wie\u0144 za po\u015brednictwem naszego sklepu internetowego pod adresem www.demewa.com.<\/p>\n<p>(2) Nasze prezentacje produkt\u00f3w w Internecie nie s\u0105 wi\u0105\u017c\u0105ce i nie stanowi\u0105 wi\u0105\u017c\u0105cej oferty zawarcia umowy.<\/p>\n<p>(3) Po otrzymaniu zam\u00f3wienia w naszym sklepie internetowym obowi\u0105zuj\u0105 nast\u0119puj\u0105ce zasady: Klient sk\u0142ada wi\u0105\u017c\u0105c\u0105 ofert\u0119 umowy, przechodz\u0105c pomy\u015blnie procedur\u0119 zamawiania przewidzian\u0105 w naszym sklepie internetowym. Zam\u00f3wienie odbywa si\u0119 w nast\u0119puj\u0105cych etapach:<\/p>\n<ol>\n<li>Wyb\u00f3r po\u017c\u0105danego towaru,<\/li>\n<li>Dodanie produkt\u00f3w poprzez klikni\u0119cie w odpowiedni przycisk (np. \u201eDodaj do koszyka\u201d, \u201eDo koszyka\u201d lub podobny),<\/li>\n<li>Sprawdzenie informacji w koszyku,<\/li>\n<li>Wywo\u0142anie przegl\u0105du zam\u00f3wienia poprzez klikni\u0119cie odpowiedniego przycisku (np. \u201ePrzejd\u017a do kasy\u201d, \u201ePrzejd\u017a do p\u0142atno\u015bci\u201d, \u201eDo przegl\u0105du zam\u00f3wienia\u201d lub podobny),<\/li>\n<li>Wpisanie\/sprawdzenie adresu i danych teleadresowych, wyb\u00f3r formy p\u0142atno\u015bci, potwierdzenie regulaminu i polityki anulacji umowy,<\/li>\n<li>Zako\u0144czenie zam\u00f3wienia poprzez naci\u015bni\u0119cie przycisku \u201eKup Teraz\u201d. To reprezentuje Twoje wi\u0105\u017c\u0105ce zam\u00f3wienie.<\/li>\n<li>Umowa zostaje zawarta, gdy w ci\u0105gu trzech dni roboczych otrzymasz od nas potwierdzenie zam\u00f3wienia na podany adres e-mail.<\/li>\n<\/ol>\n<p>(4) Je\u015bli umowa zostanie zawarta, to stron\u0105 umowy jest DeMewa GmbH, Hauptstrasse 45, 2114 Hornsburg, Austria.<\/p>\n<p>(5) Przed z\u0142o\u017ceniem zam\u00f3wienia dane umowy mog\u0105 zosta\u0107 wydrukowane lub zapisane elektronicznie za pomoc\u0105 funkcji drukowania przegl\u0105darki. Przetwarzanie zam\u00f3wienia i przekazywanie wszelkich informacji wymaganych w zwi\u0105zku z zawarciem umowy, w szczeg\u00f3lno\u015bci danych zam\u00f3wienia, regulaminu i polityki anulacji, odbywa si\u0119 drog\u0105 mailow\u0105 po z\u0142o\u017ceniu zam\u00f3wienia, w niekt\u00f3rych przypadkach po cz\u0119\u015bci automatycznie. Nie zapisujemy tekstu umowy po jej zawarciu.<\/p>\n<p>(6) B\u0142\u0119dy wprowadzania mog\u0105 by\u0107 korygowane za pomoc\u0105 zwyk\u0142ych funkcji klawiatury, myszy i przegl\u0105darki (np. \u201eprzycisk Wstecz\u201d przegl\u0105darki). Mo\u017cna je r\u00f3wnie\u017c poprawi\u0107 poprzez przedwczesne anulowanie procesu zam\u00f3wienia, zamkni\u0119cie okna przegl\u0105darki i powt\u00f3rzenie procesu.<\/p>\n<p>(7) Przetwarzanie zam\u00f3wienia i przekazywanie wszelkich informacji wymaganych w zwi\u0105zku z zawarciem umowy jest cz\u0119\u015bciowo zautomatyzowane za po\u015brednictwem poczty elektronicznej. Dlatego musisz upewni\u0107 si\u0119, \u017ce adres e-mail, kt\u00f3ry przechowujesz u nas, jest poprawny, \u017ce odbi\u00f3r wiadomo\u015bci e-mail jest technicznie zapewniony, a w szczeg\u00f3lno\u015bci \u017ce nie b\u0119dzie zblokowany poprzez filtry SPAM.<\/p>\n<h5>\u00a7 3 Przedmiot umowy i istotne cechy produkt\u00f3w<\/h5>\n<p>(1) Przedmiotem umowy w naszym sklepie internetowym jest:<\/p>\n<ol>\n<li>Sprzeda\u017c towar\u00f3w. Konkretne oferowane towary mo\u017cna znale\u017a\u0107 na naszych stronach artyku\u0142\u00f3w.<\/li>\n<\/ol>\n<p>(2) Podstawowe cechy towaru znajduj\u0105 si\u0119 w opisie przedmiotu.<\/p>\n<div> <\/div>\n<h5>\u00a7 4 Ceny, koszty wysy\u0142ki i dostawy<\/h5>\n<p>(1) Ceny podane w odpowiednich ofertach oraz koszty wysy\u0142ki s\u0105 cenami ca\u0142kowitymi i zawieraj\u0105 wszystkie sk\u0142adniki ceny, w tym wszystkie podatki.<\/p>\n<p>(2) Odpowiedni\u0105 cen\u0119 zakupu nale\u017cy ui\u015bci\u0107 przed dostaw\u0105 produktu (p\u0142atno\u015b\u0107 z g\u00f3ry), chyba \u017ce wyra\u017anie zaoferujemy zakup na rachunek. Dost\u0119pne metody p\u0142atno\u015bci s\u0105 wy\u015bwietlane pod odpowiednio oznaczonym przyciskiem w sklepie internetowym lub w odpowiedniej ofercie. O ile nie okre\u015blono inaczej dla poszczeg\u00f3lnych metod p\u0142atno\u015bci, roszczenia o p\u0142atno\u015b\u0107 s\u0105 p\u0142atne natychmiast.<\/p>\n<p>(3) Opr\u00f3cz podanych cen mog\u0105 obowi\u0105zywa\u0107 koszty wysy\u0142ki za dostaw\u0119 produkt\u00f3w, chyba \u017ce dany artyku\u0142 jest oznaczony jako wolny od koszt\u00f3w wysy\u0142ki. Koszty wysy\u0142ki s\u0105 wyra\u017anie podawane w ofertach, ewentualnie w systemie koszyka i w przegl\u0105dzie zam\u00f3wie\u0144.<\/p>\n<p>(4) O ile w opisie produktu nie zaznaczono inaczej, wszystkie oferowane produkty s\u0105 gotowe do natychmiastowej wysy\u0142ki.<\/p>\n<p>(5) Obowi\u0105zuj\u0105 nast\u0119puj\u0105ce ograniczenia obszaru dostawy: Dostawa odbywa si\u0119 w nast\u0119puj\u0105cych krajach: Austria, Belgia, Bu\u0142garia, Chorwacja, Cypr, Czechy, Dania, Estonia, Finlandia, Francja, Niemcy, Grecja, W\u0119gry, Irlandia, W\u0142ochy, \u0141otwa , Litwa , Luksemburg, Malta, Holandia, Polska, Portugalia, Rumunia, S\u0142owacja, S\u0142owenia, Hiszpania, Szwecja.<\/p>\n<h5>\u00a7 5 Prawo zatrzymania produkt\u00f3w<\/h5>\n<p>(1) Z prawa zatrzymania mo\u017cna skorzysta\u0107 tylko wtedy, gdy dotyczy ono roszcze\u0144 z tego samego stosunku umownego.<\/p>\n<h5>\u00a7 6 Prawo do odst\u0105pienia od umowy<\/h5>\n<p>Jako konsument masz prawo do odst\u0105pienia od umowy. Jest to zgodne z nasz\u0105 <a href=\"https:\/\/localhost\/int\/revocation\/\" target=\"_blank\" rel=\"noopener\">polityk\u0105 anulowania umowy<\/a> .<\/p>\n<h5>\u00a77 Odpowiedzialno\u015b\u0107<\/h5>\n<p>(1) Z zastrze\u017ceniem poni\u017cszych wyj\u0105tk\u00f3w, nasza odpowiedzialno\u015b\u0107 z tytu\u0142u naruszenia zobowi\u0105za\u0144 umownych i czyn\u00f3w niedozwolonych jest ograniczona do dzia\u0142ania umy\u015blnego lub ra\u017c\u0105cego niedbalstwa.<\/p>\n<p>(2) Ponosimy odpowiedzialno\u015b\u0107 w przypadku lekkiego zaniedbania w przypadku uszczerbku na \u017cyciu, ciele, zdrowiu lub w przypadku naruszenia istotnego zobowi\u0105zania umownego. W przypadku zw\u0142oki w wykonaniu us\u0142ugi z powodu lekkiego niedbalstwa, gdy us\u0142uga sta\u0142a si\u0119 niemo\u017cliwa lub gdy naruszyli\u015bmy istotny obowi\u0105zek umowny, odpowiedzialno\u015b\u0107 za powsta\u0142e z tego tytu\u0142u szkody maj\u0105tkowe i finansowe ogranicza si\u0119 do <strong>przewidywalnej szkody typowej dla umowy<\/strong> . Istotnym obowi\u0105zkiem umownym jest takie, kt\u00f3rego wype\u0142nienie umo\u017cliwia przede wszystkim prawid\u0142owe wykonanie umowy, kt\u00f3rego naruszenie zagra\u017ca osi\u0105gni\u0119ciu celu umowy i na kt\u00f3rego spe\u0142nieniu mo\u017cna regularnie polega\u0107. Obejmuje to w szczeg\u00f3lno\u015bci nasz obowi\u0105zek dzia\u0142ania i wykonania us\u0142ugi zgodnej z umow\u0105, o kt\u00f3rej mowa w \u00a7 3.<\/p>\n<h5>\u00a7 8 J\u0119zyk umowy<\/h5>\n<p>Jako j\u0119zyk umowy dost\u0119pny b\u0119dzie wy\u0142\u0105cznie j\u0119zyk niemiecki.<\/p>\n<h5>\u00a7 9 Gwarancja<\/h5>\n<p>(1) Gwarancja opiera si\u0119 na przepisach ustawowych.<\/p>\n<p>(2) W stosunku do przedsi\u0119biorc\u00f3w okres r\u0119kojmi na dostarczone towary wynosi 12 miesi\u0119cy.<\/p>\n<p>(3) Jako konsument jeste\u015b proszony o sprawdzenie przedmiotu \/ towar\u00f3w cyfrowych lub \u015bwiadczonej us\u0142ugi pod k\u0105tem kompletno\u015bci, oczywistych wad i uszkodze\u0144 transportowych natychmiast po wykonaniu umowy oraz jak najszybszego poinformowania nas i spedytora o wszelkich reklamacjach . Je\u015bli tego nie zrobisz, nie b\u0119dzie to mia\u0142o oczywi\u015bcie wp\u0142ywu na ustawowe roszczenia gwarancyjne.<\/p>\n<h5>\u00a7 10 Postanowienia ko\u0144cowe \/ Rozstrzyganie spor\u00f3w<\/h5>\n<p>(1) Obowi\u0105zuje prawo austriackie. W przypadku konsument\u00f3w ten wyb\u00f3r prawa ma zastosowanie tylko w takim zakresie, w jakim nie usuwa ochrony przyznanej przez bezwzgl\u0119dnie obowi\u0105zuj\u0105ce przepisy prawa pa\u0144stwa, w kt\u00f3rym konsument ma miejsce zwyk\u0142ego pobytu (zasada przychylno\u015bci).<\/p>\n<p>(2) Postanowienia Konwencji Narod\u00f3w Zjednoczonych o sprzeda\u017cy wyra\u017anie nie maj\u0105 zastosowania.<\/p>\n<p>(3) Je\u017celi klient jest kupcem, osob\u0105 prawn\u0105 prawa publicznego lub specjalnym funduszem prawa publicznego, miejscem jurysdykcji dla wszystkich spor\u00f3w wynikaj\u0105cych ze stosunk\u00f3w umownych mi\u0119dzy klientem a dostawc\u0105 jest siedziba dostawcy.<\/p>\n\t\t\t\t\t\t\t\t<\/div>\n\t\t\t\t<\/div>\n\t\t\t\t\t<\/div>\n\t\t<\/div>\n\t\t\t\t\t<\/div>\n\t\t<\/section>\n\t\t\t\t<\/div>\n\t\t","protected":false},"excerpt":{"rendered":"<p>Regulamin \u00a7 1 Wa\u017cno\u015b\u0107, definicje poj\u0119\u0107 (1) DeMewa GmbH, Hauptstrasse 45, 2114 Hornsburg, Austria (dalej: \u201emy\u201d lub \u201eDeMewa\u201d) prowadzi sklep internetowy z towarami na stronie internetowej www.demewa.com. Poni\u017csze og\u00f3lne warunki maj\u0105 zastosowanie do wszystkich us\u0142ug mi\u0119dzy nami a naszymi klientami (dalej: \u201eKlient\u201d lub \u201eTy\u201d) w wersji obowi\u0105zuj\u0105cej w momencie sk\u0142adania zam\u00f3wienia, chyba \u017ce wyra\u017anie uzgodniono [&hellip;]<\/p>\n","protected":false},"author":1,"featured_media":0,"parent":0,"menu_order":0,"comment_status":"closed","ping_status":"closed","template":"","meta":{"footnotes":""},"class_list":["post-3819","page","type-page","status-publish","hentry"],"_links":{"self":[{"href":"https:\/\/www.demewa.com\/pl\/wp-json\/wp\/v2\/pages\/3819","targetHints":{"allow":["GET"]}}],"collection":[{"href":"https:\/\/www.demewa.com\/pl\/wp-json\/wp\/v2\/pages"}],"about":[{"href":"https:\/\/www.demewa.com\/pl\/wp-json\/wp\/v2\/types\/page"}],"author":[{"embeddable":true,"href":"https:\/\/www.demewa.com\/pl\/wp-json\/wp\/v2\/users\/1"}],"replies":[{"embeddable":true,"href":"https:\/\/www.demewa.com\/pl\/wp-json\/wp\/v2\/comments?post=3819"}],"version-history":[{"count":0,"href":"https:\/\/www.demewa.com\/pl\/wp-json\/wp\/v2\/pages\/3819\/revisions"}],"wp:attachment":[{"href":"https:\/\/www.demewa.com\/pl\/wp-json\/wp\/v2\/media?parent=3819"}],"curies":[{"name":"wp","href":"https:\/\/api.w.org\/{rel}","templated":true}]}}