{"id":3853,"date":"2021-11-16T22:39:54","date_gmt":"2021-11-16T22:39:54","guid":{"rendered":"https:\/\/www.demewa.com\/material\/"},"modified":"2023-05-22T22:11:57","modified_gmt":"2023-05-22T22:11:57","slug":"material","status":"publish","type":"page","link":"https:\/\/www.demewa.com\/pl\/material\/","title":{"rendered":"Materia\u0142"},"content":{"rendered":"\t\t<div data-elementor-type=\"wp-page\" data-elementor-id=\"3853\" class=\"elementor elementor-3853 elementor-466\" data-elementor-post-type=\"page\">\n\t\t\t\t\t\t<section class=\"elementor-section elementor-top-section elementor-element elementor-element-1ef064b elementor-section-boxed elementor-section-height-default elementor-section-height-default\" data-id=\"1ef064b\" data-element_type=\"section\" data-e-type=\"section\">\n\t\t\t\t\t\t<div class=\"elementor-container elementor-column-gap-default\">\n\t\t\t\t\t<div class=\"elementor-column elementor-col-50 elementor-top-column elementor-element elementor-element-edee58c\" data-id=\"edee58c\" data-element_type=\"column\" data-e-type=\"column\">\n\t\t\t<div class=\"elementor-widget-wrap elementor-element-populated\">\n\t\t\t\t\t\t<div class=\"elementor-element elementor-element-165deab elementor-widget elementor-widget-heading\" data-id=\"165deab\" data-element_type=\"widget\" data-e-type=\"widget\" data-widget_type=\"heading.default\">\n\t\t\t\t<div class=\"elementor-widget-container\">\n\t\t\t\t\t<h2 class=\"elementor-heading-title elementor-size-default\">Korek i sk\u00f3ra korkowa<\/h2>\t\t\t\t<\/div>\n\t\t\t\t<\/div>\n\t\t\t\t\t<\/div>\n\t\t<\/div>\n\t\t\t\t<div class=\"elementor-column elementor-col-50 elementor-top-column elementor-element elementor-element-179ccf7\" data-id=\"179ccf7\" data-element_type=\"column\" data-e-type=\"column\">\n\t\t\t<div class=\"elementor-widget-wrap elementor-element-populated\">\n\t\t\t\t\t\t<div class=\"elementor-element elementor-element-853635e elementor-widget elementor-widget-image\" data-id=\"853635e\" data-element_type=\"widget\" data-e-type=\"widget\" data-widget_type=\"image.default\">\n\t\t\t\t<div class=\"elementor-widget-container\">\n\t\t\t\t\t\t\t\t\t\t\t\t\t\t\t<img fetchpriority=\"high\" decoding=\"async\" width=\"800\" height=\"531\" src=\"https:\/\/www.demewa.com\/wp-content\/uploads\/2021\/11\/cork-oak-505263_960_720.jpg\" class=\"attachment-large size-large wp-image-2519\" alt=\"demewa korkteppich\" srcset=\"https:\/\/www.demewa.com\/wp-content\/uploads\/2021\/11\/cork-oak-505263_960_720.jpg 960w, https:\/\/www.demewa.com\/wp-content\/uploads\/2021\/11\/cork-oak-505263_960_720-300x199.jpg 300w, https:\/\/www.demewa.com\/wp-content\/uploads\/2021\/11\/cork-oak-505263_960_720-768x510.jpg 768w, https:\/\/www.demewa.com\/wp-content\/uploads\/2021\/11\/cork-oak-505263_960_720-600x398.jpg 600w\" sizes=\"(max-width: 800px) 100vw, 800px\">\t\t\t\t\t\t\t\t\t\t\t\t\t\t\t<\/div>\n\t\t\t\t<\/div>\n\t\t\t\t\t<\/div>\n\t\t<\/div>\n\t\t\t\t\t<\/div>\n\t\t<\/section>\n\t\t\t\t<section class=\"elementor-section elementor-top-section elementor-element elementor-element-a7572b7 elementor-section-boxed elementor-section-height-default elementor-section-height-default\" data-id=\"a7572b7\" data-element_type=\"section\" data-e-type=\"section\">\n\t\t\t\t\t\t<div class=\"elementor-container elementor-column-gap-default\">\n\t\t\t\t\t<div class=\"elementor-column elementor-col-100 elementor-top-column elementor-element elementor-element-3f45bfa\" data-id=\"3f45bfa\" data-element_type=\"column\" data-e-type=\"column\">\n\t\t\t<div class=\"elementor-widget-wrap elementor-element-populated\">\n\t\t\t\t\t\t<div class=\"elementor-element elementor-element-755e55c elementor-widget elementor-widget-text-editor\" data-id=\"755e55c\" data-element_type=\"widget\" data-e-type=\"widget\" data-widget_type=\"text-editor.default\">\n\t\t\t\t<div class=\"elementor-widget-container\">\n\t\t\t\t\t\t\t\t\t<p>Wiecznie zielony d\u0105b jest uprawiany w portugalskich lasach d\u0119bu korkowego, znany r\u00f3wnie\u017c jako montados, od ponad 2000 lat. Drzewa s\u0105 korowane po raz pierwszy w wieku 25 lat, kora jest zdejmowana i przetwarzana. Okorowane d\u0119by maj\u0105 oznaczenia roku, dzi\u0119ki czemu kora mo\u017ce powoli odrasta\u0107 w ci\u0105gu nast\u0119pnych kilku lat. Usuni\u0119cie kory korkowej nie szkodzi drzewom. Gdyby stara kora nie zosta\u0142a zebrana, to w naturalny spos\u00f3b p\u0119ka\u0142aby i z\u0142uszcza\u0142a si\u0119. Zbieranie kory powtarza si\u0119 co 9 lat, a\u017c drzewa osi\u0105gn\u0105 wiek ok. 200 lat.<\/p>\n<p>Uprawa korka i przetwarzanie tego surowca w znacz\u0105cy spos\u00f3b przyczynia si\u0119 do zr\u00f3wnowa\u017conego rozwoju obszar\u00f3w wiejskich, a tak\u017ce tworzy doskona\u0142y zwi\u0105zek mi\u0119dzy cz\u0142owiekiem a natur\u0105. Surowiec jest ca\u0142kowicie ro\u015blinny i wega\u0144ski, a tak\u017ce bardzo lekki, termoizolacyjny i wodoodporny. Jest przyjazny dla \u015brodowiska, w 100% naturalny, odnawialny, nadaj\u0105cy si\u0119 do recyklingu i biodegradowalny.<\/p>\n<p>Sk\u00f3ra korkowa to po\u0142\u0105czenie naturalnego korka i tekstyli\u00f3w no\u015bnych, co umo\u017cliwia zachowanie szczeg\u00f3lnych w\u0142a\u015bciwo\u015bci i optymalne wykorzystanie zr\u00f3wnowa\u017conego surowca. Sk\u00f3ra korkowa jest bardzo mi\u0119kkim i przyjaznym dla sk\u00f3ry materia\u0142em, daje nam uczucie ciep\u0142a, a jednocze\u015bnie jest hydrofobowa i bardzo \u0142atwa w piel\u0119gnacji. Dzi\u0119ki g\u0142adkiej powierzchni nie chwyta brudu i kurzu i mo\u017cna go \u0142atwo czy\u015bci\u0107 wilgotn\u0105 \u015bciereczk\u0105.<\/p>\n<p>W\u0142a\u015bciwo\u015bci materia\u0142u s\u0105 na tyle korzystne, \u017ce sk\u00f3ra korkowa wykorzystywana jest do produkcji but\u00f3w, kurtek i innych akcesori\u00f3w przez znanych producent\u00f3w. To niekwestionowana alternatywa dla prawdziwej sk\u00f3ry. Materia\u0142 przetworzony na dywan idealnie nadaje si\u0119 do \u0142azienek, przedpokoju czy jako chodnik w kuchni, gdzie pod\u0142og\u0119 chcemy chroni\u0107 przed zabrudzeniami i zarysowaniami. W salonach lub pokojach dzieci\u0119cych proste i zabawne designs daj\u0105 mo\u017cliwo\u015b\u0107 stworzenia ciekawych aran\u017cacji. Ka\u017cdy produkt pozostaje wyj\u0105tkowy ze wzgl\u0119du na swoj\u0105 unikaln\u0105 struktur\u0119.<\/p>\n<p>Nasze tkaniny korkowe pochodz\u0105 z Portugalii i s\u0105 bezpo\u015brednio do nas dostarczane.<\/p>\n<p>Materia\u0142 posiada nast\u0119puj\u0105ce w\u0142a\u015bciwo\u015bci:<\/p>\n<ul>\n<li>naturalny, odnawialny surowiec<\/li>\n<li>w pe\u0142ni organiczny i wega\u0144ski<\/li>\n<li>wolny od zanieczyszcze\u0144<\/li>\n<li>nadaj\u0105cy si\u0119 do recyklingu<\/li>\n<\/ul>\n<ul>\n<li>mi\u0119kki i gi\u0119tki<\/li>\n<li>ciep\u0142y w dotyku<\/li>\n<li>odporny na wod\u0119, t\u0142uszcz i brud<\/li>\n<li>antyalergiczny i antyastmatyczny<\/li>\n<li>wytrzyma\u0142y i trwa\u0142y<\/li>\n<li>izolacyjny<\/li>\n<li>d\u017awi\u0119koch\u0142onny<\/li>\n<li>nadaj\u0105cy si\u0119 do ogrzewania pod\u0142ogowego<\/li>\n<li>\u0142atwy do czyszczenia<\/li>\n<\/ul>\n\t\t\t\t\t\t\t\t<\/div>\n\t\t\t\t<\/div>\n\t\t\t\t\t<\/div>\n\t\t<\/div>\n\t\t\t\t\t<\/div>\n\t\t<\/section>\n\t\t\t\t<\/div>\n\t\t","protected":false},"excerpt":{"rendered":"<p>Korek i sk\u00f3ra korkowa Wiecznie zielony d\u0105b jest uprawiany w portugalskich lasach d\u0119bu korkowego, znany r\u00f3wnie\u017c jako montados, od ponad 2000 lat. Drzewa s\u0105 korowane po raz pierwszy w wieku 25 lat, kora jest zdejmowana i przetwarzana. Okorowane d\u0119by maj\u0105 oznaczenia roku, dzi\u0119ki czemu kora mo\u017ce powoli odrasta\u0107 w ci\u0105gu nast\u0119pnych kilku lat. Usuni\u0119cie kory [&hellip;]<\/p>\n","protected":false},"author":1,"featured_media":0,"parent":0,"menu_order":0,"comment_status":"closed","ping_status":"closed","template":"","meta":{"footnotes":""},"class_list":["post-3853","page","type-page","status-publish","hentry"],"_links":{"self":[{"href":"https:\/\/www.demewa.com\/pl\/wp-json\/wp\/v2\/pages\/3853","targetHints":{"allow":["GET"]}}],"collection":[{"href":"https:\/\/www.demewa.com\/pl\/wp-json\/wp\/v2\/pages"}],"about":[{"href":"https:\/\/www.demewa.com\/pl\/wp-json\/wp\/v2\/types\/page"}],"author":[{"embeddable":true,"href":"https:\/\/www.demewa.com\/pl\/wp-json\/wp\/v2\/users\/1"}],"replies":[{"embeddable":true,"href":"https:\/\/www.demewa.com\/pl\/wp-json\/wp\/v2\/comments?post=3853"}],"version-history":[{"count":0,"href":"https:\/\/www.demewa.com\/pl\/wp-json\/wp\/v2\/pages\/3853\/revisions"}],"wp:attachment":[{"href":"https:\/\/www.demewa.com\/pl\/wp-json\/wp\/v2\/media?parent=3853"}],"curies":[{"name":"wp","href":"https:\/\/api.w.org\/{rel}","templated":true}]}}