{"id":3906,"date":"2021-11-17T16:50:53","date_gmt":"2021-11-17T16:50:53","guid":{"rendered":"https:\/\/www.demewa.com\/produkt\/dywan-dzieciecy-ze-skory-korkowej-little-oaktown-kremowy\/"},"modified":"2024-06-24T23:26:07","modified_gmt":"2024-06-24T23:26:07","slug":"dywan-dzieciecy-little-oaktown-krem","status":"publish","type":"product","link":"https:\/\/www.demewa.com\/pl\/shop\/dywan-dzieciecy-little-oaktown-krem\/","title":{"rendered":"Korkowy dywanik dzieci\u0119cy LITTLE OAKTOWN kremowy"},"content":{"rendered":"<h6>Dywan dzieci\u0119cy ze sk\u00f3ry korkowej LITTLE OAKTOWN kremowy<\/h6>\n<p>Nasze dywany dzieci\u0119ce wykonane s\u0105 z naturalnych i odnawialnych surowc\u00f3w.<\/p>\n<p><a href=\"https:\/\/www.demewa.com\/produkte-2\/\">Tkanina korkowa, znana r\u00f3wnie\u017c jako sk\u00f3ra wega\u0144ska<\/a> , to najwy\u017cszej jako\u015bci portugalski korek nak\u0142adany na ekologiczny materia\u0142 tekstylny. Drugim materia\u0142em wchodz\u0105cym w sk\u0142ad naszych produkt\u00f3w z korku jest warstwa z naturalnego kruszywa korkowego oraz kauczuku. Zespolenie tych komponent\u00f3w tworzy unikatowy produkt o wyj\u0105tkowych w\u0142a\u015bciwo\u015bciach.<\/p>\n<p>Wierzchnia warstwa to bardzo mi\u0119kki i przyjazny dla sk\u00f3ry materia\u0142, daje nam uczucie ciep\u0142a, a przy tym nie wch\u0142ania wilgoci i jest bardzo \u0142atwy w piel\u0119gnacji. Dzi\u0119ki g\u0142adkiej powierzchni brud i kurz nie przylegaj\u0105 i mo\u017cna je \u0142atwo zetrze\u0107 wilgotn\u0105 \u015bciereczk\u0105. W szczeg\u00f3lnych przypadkach mo\u017cna u\u017cy\u0107 delikatnych detergent\u00f3w, takich jak myd\u0142o.<\/p>\n<p>Dolna cz\u0119\u015b\u0107 charakteryzuje si\u0119 takimi w\u0142a\u015bciwo\u015bciami jak antypo\u015blizgowo\u015b\u0107, jest warstw\u0105 wyg\u0142uszaj\u0105c\u0105, izolacyjn\u0105 i jednocze\u015bnie nadaje si\u0119 do ogrzewania pod\u0142ogowego.<\/p>\n<p>W ten spos\u00f3b wytworzone <a href=\"https:\/\/www.demewa.com\/produkte\/\">produkty<\/a> s\u0105 wytrzyma\u0142e, trwa\u0142e, antyalergiczne i antyastmatyczne. Prawdziwa alternatywa dla sk\u00f3ry.<\/p>\n<h6>Przyjazny dla \u015brodowiska i przyjazny dzieciom w Twoim domu!<\/h6>\n<p>Dzi\u0119ki prostocie po\u0142\u0105czonej z bardzo atrakcyjnymi kolorami i ciekaw\u0105 funkcjonalno\u015bci\u0105, nasze produkty mog\u0105 zago\u015bci\u0107 w ca\u0142ym Twoim domu. W \u0142azience, kuchni czy przedpokoju s\u0105 bezkonkurencyjne dzi\u0119ki w\u0142a\u015bciwo\u015bciom odpychaj\u0105cym wod\u0119 i brud. W salonie s\u0105 wzbogaceniem i unowocze\u015bnieniem wyposa\u017cenia, a w <a href=\"https:\/\/www.demewa.com\/kinderbabys\/\">pokoju dzieci\u0119cym<\/a> jako antypo\u015blizgowa, \u0142atwa w piel\u0119gnacji i jednocze\u015bnie \u015bwietna powierzchnia do zabawy.<\/p>\n","protected":false},"excerpt":{"rendered":"<div class=\"woocommerce-product-details__short-description\">\n<h6>Wega\u0144ski dywan z ekologicznej sk\u00f3ry korkowej. Przyjazny dla \u015brodowiska i odpowiedni dla dzieci.<\/h6>\n<p>Dywan dla dzieci \u2014 Witaj w Little Oaktown! Dzi\u0119ki malowniczej okolicy to ma\u0142e miasteczko rozbudza kreatywno\u015b\u0107. Niezale\u017cnie od tego, czy pokonujesz zakr\u0119ty w kolorowych pojazdach, czy te\u017c przywozisz \u015bwie\u017co zebrane owoce na targ. Wszystko jest mo\u017cliwe!<\/p>\n<p>Ponadto nasze dywany korkowe s\u0105 wykonane z naturalnych materia\u0142\u00f3w, s\u0105 przyjemnie mi\u0119kkie i ciep\u0142e oraz niezwykle \u0142atwe w piel\u0119gnacji!<\/p>\n<\/div>\n","protected":false},"featured_media":4442,"comment_status":"open","ping_status":"closed","template":"","meta":[],"product_brand":[],"product_cat":[130],"product_tag":[168,185,169,171,175,176,178,179,160,180,161,181,166,182,167,184],"class_list":{"0":"post-3906","1":"product","2":"type-product","3":"status-publish","4":"has-post-thumbnail","6":"product_cat-dzieci","7":"product_tag-podkladka-do-zabawy","8":"product_tag-chodnik-pl","9":"product_tag-podkladka-do-gry","10":"product_tag-ekologiczna-skora","11":"product_tag-dywan-korkowy","12":"product_tag-material-korkowy","13":"product_tag-korek","14":"product_tag-dywanik-dzieciecy","15":"product_tag-weganska-skora","16":"product_tag-kauczuk","17":"product_tag-weganski","18":"product_tag-eco-pl","19":"product_tag-dywan","20":"product_tag-korek-pl","21":"product_tag-dywan-dla-dzieci","22":"product_tag-dywan-pl","23":"product_shipping_class-karton-xl-pl","25":"first","26":"instock","27":"sale","28":"taxable","29":"shipping-taxable","30":"purchasable","31":"product-type-variable"},"_links":{"self":[{"href":"https:\/\/www.demewa.com\/pl\/wp-json\/wp\/v2\/product\/3906","targetHints":{"allow":["GET"]}}],"collection":[{"href":"https:\/\/www.demewa.com\/pl\/wp-json\/wp\/v2\/product"}],"about":[{"href":"https:\/\/www.demewa.com\/pl\/wp-json\/wp\/v2\/types\/product"}],"replies":[{"embeddable":true,"href":"https:\/\/www.demewa.com\/pl\/wp-json\/wp\/v2\/comments?post=3906"}],"version-history":[{"count":0,"href":"https:\/\/www.demewa.com\/pl\/wp-json\/wp\/v2\/product\/3906\/revisions"}],"wp:featuredmedia":[{"embeddable":true,"href":"https:\/\/www.demewa.com\/pl\/wp-json\/wp\/v2\/media\/4442"}],"wp:attachment":[{"href":"https:\/\/www.demewa.com\/pl\/wp-json\/wp\/v2\/media?parent=3906"}],"wp:term":[{"taxonomy":"product_brand","embeddable":true,"href":"https:\/\/www.demewa.com\/pl\/wp-json\/wp\/v2\/product_brand?post=3906"},{"taxonomy":"product_cat","embeddable":true,"href":"https:\/\/www.demewa.com\/pl\/wp-json\/wp\/v2\/product_cat?post=3906"},{"taxonomy":"product_tag","embeddable":true,"href":"https:\/\/www.demewa.com\/pl\/wp-json\/wp\/v2\/product_tag?post=3906"}],"curies":[{"name":"wp","href":"https:\/\/api.w.org\/{rel}","templated":true}]}}