{"id":3910,"date":"2021-11-15T18:30:08","date_gmt":"2021-11-15T18:30:08","guid":{"rendered":"https:\/\/www.demewa.com\/produkt\/dywan-dzieciecy-z-tkaniny-korkowej-kwiat-wieloryb-naturalny\/"},"modified":"2022-04-05T23:48:31","modified_gmt":"2022-04-05T23:48:31","slug":"kwiat-wieloryb-natura","status":"publish","type":"product","link":"https:\/\/www.demewa.com\/pl\/shop\/kwiat-wieloryb-natura\/","title":{"rendered":"Dywan dzieci\u0119cy z tkaniny korkowej &#8222;Kwiat Wieloryb&#8221; naturalny"},"content":{"rendered":"<p>Nasze produkty powstaj\u0105 z naturalnych i odnawialnych surowc\u00f3w. <a href=\"https:\/\/www.demewa.com\/pl\/material\/\">Korek, znany r\u00f3wnie\u017c jako sk\u00f3ra wega\u0144ska<\/a> , to najwy\u017cszej jako\u015bci portugalski korek nak\u0142adany na ekologiczn\u0105 tkanin\u0119. Drugim materia\u0142em wchodz\u0105cym w sk\u0142ad naszych produkt\u00f3w z korku jest warstwa z naturalnego kruszywa korkowego oraz kauczuku. Zespolenie tych komponent\u00f3w tworzy unikatowy produkt o wyj\u0105tkowych w\u0142a\u015bciwo\u015bciach.<\/p>\n<p>Wierzchnia warstwa to bardzo mi\u0119kki i przyjazny dla sk\u00f3ry materia\u0142, daje nam uczucie ciep\u0142a, a przy tym nie wch\u0142ania wilgoci i jest bardzo \u0142atwy w piel\u0119gnacji. Dzi\u0119ki g\u0142adkiej powierzchni brud i kurz nie przylegaj\u0105 i mo\u017cna je \u0142atwo zetrze\u0107 wilgotn\u0105 \u015bciereczk\u0105. W szczeg\u00f3lnych przypadkach mo\u017cna u\u017cy\u0107 delikatnych detergent\u00f3w, takich jak myd\u0142o.<\/p>\n<p>Dolna cz\u0119\u015b\u0107 charakteryzuje si\u0119 takimi w\u0142a\u015bciwo\u015bciami jak antypo\u015blizgowo\u015b\u0107, jest warstw\u0105 wyg\u0142uszaj\u0105c\u0105, izolacyjn\u0105 i jednocze\u015bnie nadaje si\u0119 do ogrzewania pod\u0142ogowego.<\/p>\n<p>W ten spos\u00f3b wytworzone <a href=\"https:\/\/www.demewa.com\/pl\/produkty\/\">produkty<\/a> s\u0105 wytrzyma\u0142e, trwa\u0142e, antyalergiczne i antyastmatyczne. Prawdziwa alternatywa dla sk\u00f3ry.<\/p>\n<p>Dzi\u0119ki prostocie po\u0142\u0105czonej z bardzo atrakcyjnymi kolorami i ciekaw\u0105 funkcjonalno\u015bci\u0105, nasze produkty mog\u0105 zago\u015bci\u0107 w ca\u0142ym Twoim domu. W \u0142azience, kuchni czy przedpokoju s\u0105 bezkonkurencyjne dzi\u0119ki w\u0142a\u015bciwo\u015bciom odpychaj\u0105cym wod\u0119 i brud. W salonie s\u0105 wzbogaceniem i unowocze\u015bnieniem wyposa\u017cenia, a w <a href=\"https:\/\/www.demewa.com\/pl\/dzieci\/\">pokoju dzieci\u0119cym<\/a> jako antypo\u015blizgowa, \u0142atwa w piel\u0119gnacji i jednocze\u015bnie \u015bwietna powierzchnia do zabawy.<\/p>\n","protected":false},"excerpt":{"rendered":"<div class=\"woocommerce-product-details__short-description\">\n<p>Dywan dzieci\u0119cy wykonany z korka. Nasze dywany korkowe postrzegamy nie tylko jako wyposa\u017cenie pokoju dzieci\u0119cego, ale tak\u017ce jako mat\u0119 do zabawy, kt\u00f3rej dzieci mog\u0105 u\u017cywa\u0107 jako ogrodu, aby mog\u0142y w nim wyrosn\u0105\u0107 kwiaty kreatywno\u015bci.<\/p>\n<p>Ponadto nasze dywany korkowe s\u0105 wykonane z naturalnych materia\u0142\u00f3w, przyjemnie mi\u0119kkich i ciep\u0142ych oraz niezwykle \u0142atwych w piel\u0119gnacji.<\/p>\n<p>Rozmiar: 100&#215;130 cm<\/p>\n<\/div>\n","protected":false},"featured_media":4676,"comment_status":"open","ping_status":"closed","template":"","meta":[],"product_brand":[],"product_cat":[130],"product_tag":[176,178,179,160,180,161,181,166,182,167,184,168,185,169,171,175],"class_list":{"0":"post-3910","1":"product","2":"type-product","3":"status-publish","4":"has-post-thumbnail","6":"product_cat-dzieci","7":"product_tag-material-korkowy","8":"product_tag-korek","9":"product_tag-dywanik-dzieciecy","10":"product_tag-weganska-skora","11":"product_tag-kauczuk","12":"product_tag-weganski","13":"product_tag-eco-pl","14":"product_tag-dywan","15":"product_tag-korek-pl","16":"product_tag-dywan-dla-dzieci","17":"product_tag-dywan-pl","18":"product_tag-podkladka-do-zabawy","19":"product_tag-chodnik-pl","20":"product_tag-podkladka-do-gry","21":"product_tag-ekologiczna-skora","22":"product_tag-dywan-korkowy","23":"product_shipping_class-karton-xl-pl","25":"first","26":"instock","27":"taxable","28":"shipping-taxable","29":"purchasable","30":"product-type-simple"},"_links":{"self":[{"href":"https:\/\/www.demewa.com\/pl\/wp-json\/wp\/v2\/product\/3910","targetHints":{"allow":["GET"]}}],"collection":[{"href":"https:\/\/www.demewa.com\/pl\/wp-json\/wp\/v2\/product"}],"about":[{"href":"https:\/\/www.demewa.com\/pl\/wp-json\/wp\/v2\/types\/product"}],"replies":[{"embeddable":true,"href":"https:\/\/www.demewa.com\/pl\/wp-json\/wp\/v2\/comments?post=3910"}],"version-history":[{"count":0,"href":"https:\/\/www.demewa.com\/pl\/wp-json\/wp\/v2\/product\/3910\/revisions"}],"wp:featuredmedia":[{"embeddable":true,"href":"https:\/\/www.demewa.com\/pl\/wp-json\/wp\/v2\/media\/4676"}],"wp:attachment":[{"href":"https:\/\/www.demewa.com\/pl\/wp-json\/wp\/v2\/media?parent=3910"}],"wp:term":[{"taxonomy":"product_brand","embeddable":true,"href":"https:\/\/www.demewa.com\/pl\/wp-json\/wp\/v2\/product_brand?post=3910"},{"taxonomy":"product_cat","embeddable":true,"href":"https:\/\/www.demewa.com\/pl\/wp-json\/wp\/v2\/product_cat?post=3910"},{"taxonomy":"product_tag","embeddable":true,"href":"https:\/\/www.demewa.com\/pl\/wp-json\/wp\/v2\/product_tag?post=3910"}],"curies":[{"name":"wp","href":"https:\/\/api.w.org\/{rel}","templated":true}]}}